{"id":550,"date":"2022-10-13T09:20:42","date_gmt":"2022-10-13T09:20:42","guid":{"rendered":"https:\/\/mebicar.pl\/sklep\/palmitoylethanolamide-pea-%e2%89%a5-99-1000mg\/"},"modified":"2022-10-13T09:20:42","modified_gmt":"2022-10-13T09:20:42","slug":"palmitoylethanolamide-2","status":"publish","type":"product","link":"https:\/\/mebicar.pl\/en\/sklep\/palmitoylethanolamide-2\/","title":{"rendered":"Palmitoylethanolamide (PEA) \u2265 99% 1000mg."},"content":{"rendered":"<h1>Palmitoylethanolamide<b>(PEA<\/b>)<\/h1>\n<ul>\n<li>\n<h3>Purity Palmitoylethanolamide \u2265 99%<\/h3>\n<\/li>\n<li>\n<h3>Net weight: 1000mg<\/h3>\n<\/li>\n<li>\n<h3>CAS Number. : 544-31-0<\/h3>\n<\/li>\n<li>\n<h3>Chemical Formula: C18H37NO2<\/h3>\n<\/li>\n<li>\n<h3>Molar mass: 299.499 g-mol-1<\/h3>\n<\/li>\n<li>\n<h3>Form: crystalline substance.<\/h3>\n<\/li>\n<li>\n<h3>Packaging: aluminum, sealed string bag.<\/h3>\n<\/li>\n<li>\n<h3>Product for lab testing only not for consumption.<\/h3>\n<\/li>\n<\/ul>\n<h4>For additional information, see the comprehensive article on Palmitoylethanolamide:<\/h4>\n<blockquote class=\"wp-embedded-content\" data-secret=\"keKTZ35adF\"><p><a href=\"https:\/\/mebicar.pl\/palmitoylethanolamide-wyjatkowy-preparat-wspomagajacy-prace-mozgu\/\">Palmitoylethanolamide &#8211; wyj\u0105tkowy preparat wspomagaj\u0105cy prac\u0119 m\u00f3zgu<\/a><\/p><\/blockquote>\n<p><iframe class=\"wp-embedded-content\" sandbox=\"allow-scripts\" security=\"restricted\" style=\"position: absolute; clip: rect(1px, 1px, 1px, 1px);\" title=\"&#8220;Palmitoylethanolamide &#8211; wyj\u0105tkowy preparat wspomagaj\u0105cy prac\u0119 m\u00f3zgu&#8221; &#8212; NONSENSIA, Laboratorium.\" src=\"https:\/\/mebicar.pl\/palmitoylethanolamide-wyjatkowy-preparat-wspomagajacy-prace-mozgu\/embed\/#?secret=IXKMVOsVDc#?secret=keKTZ35adF\" data-secret=\"keKTZ35adF\" width=\"600\" height=\"338\" frameborder=\"0\" marginwidth=\"0\" marginheight=\"0\" scrolling=\"no\"><\/iframe><\/p>\n","protected":false},"excerpt":{"rendered":"<p>Palmitoylethanolamide(PEA) Purity Palmitoylethanolamide \u2265 99% Net weight: 1000mg CAS Number. : 544-31-0 Chemical Formula: C18H37NO2 Molar mass: 299.499 g-mol-1 Form: crystalline substance. Packaging: aluminum, sealed string bag. Product for lab testing only not for consumption. For additional information, see the comprehensive article on Palmitoylethanolamide: Palmitoylethanolamide &#8211; wyj\u0105tkowy preparat wspomagaj\u0105cy prac\u0119 m\u00f3zgu<\/p>\n","protected":false},"featured_media":956,"comment_status":"closed","ping_status":"closed","template":"","meta":[],"product_cat":[171],"product_tag":[247,248,245,246],"yoast_head":"<!-- This site is optimized with the Yoast SEO plugin v21.8.1 - https:\/\/yoast.com\/wordpress\/plugins\/seo\/ -->\n<title>Palmitoylethanolamide (PEA) \u2265 99% 1000mg. - NONSENSIA, Laboratorium.<\/title>\n<meta name=\"description\" content=\"Palmitoylethanolamide is a substance found in the human body. It has a broad spectrum of nootropic effects and also (PEA) has an analgesic effect.\" \/>\n<meta name=\"robots\" content=\"index, follow, max-snippet:-1, max-image-preview:large, max-video-preview:-1\" \/>\n<link rel=\"canonical\" href=\"https:\/\/mebicar.pl\/en\/sklep\/palmitoylethanolamide-2\/\" \/>\n<meta property=\"og:locale\" content=\"en_US\" \/>\n<meta property=\"og:type\" content=\"article\" \/>\n<meta property=\"og:title\" content=\"Palmitoylethanolamide (PEA) \u2265 99% 1000mg. - NONSENSIA, Laboratorium.\" \/>\n<meta property=\"og:description\" content=\"Palmitoylethanolamide is a substance found in the human body. It has a broad spectrum of nootropic effects and also (PEA) has an analgesic effect.\" \/>\n<meta property=\"og:url\" content=\"https:\/\/mebicar.pl\/en\/sklep\/palmitoylethanolamide-2\/\" \/>\n<meta property=\"og:site_name\" content=\"NONSENSIA, Laboratorium.\" \/>\n<meta property=\"og:image\" content=\"https:\/\/mebicar.pl\/wp-content\/uploads\/2022\/10\/Palmitoylethanolamide_pure_Substance.png\" \/>\n\t<meta property=\"og:image:width\" content=\"1920\" \/>\n\t<meta property=\"og:image:height\" content=\"1440\" \/>\n\t<meta property=\"og:image:type\" content=\"image\/png\" \/>\n<meta name=\"twitter:card\" content=\"summary_large_image\" \/>\n<script type=\"application\/ld+json\" class=\"yoast-schema-graph\">{\"@context\":\"https:\/\/schema.org\",\"@graph\":[{\"@type\":\"WebPage\",\"@id\":\"https:\/\/mebicar.pl\/en\/sklep\/palmitoylethanolamide-2\/\",\"url\":\"https:\/\/mebicar.pl\/en\/sklep\/palmitoylethanolamide-2\/\",\"name\":\"Palmitoylethanolamide (PEA) \u2265 99% 1000mg. - NONSENSIA, Laboratorium.\",\"isPartOf\":{\"@id\":\"https:\/\/mebicar.pl\/#website\"},\"datePublished\":\"2022-10-13T09:20:42+00:00\",\"dateModified\":\"2022-10-13T09:20:42+00:00\",\"description\":\"Palmitoylethanolamide is a substance found in the human body. It has a broad spectrum of nootropic effects and also (PEA) has an analgesic effect.\",\"breadcrumb\":{\"@id\":\"https:\/\/mebicar.pl\/en\/sklep\/palmitoylethanolamide-2\/#breadcrumb\"},\"inLanguage\":\"en-US\",\"potentialAction\":[{\"@type\":\"ReadAction\",\"target\":[\"https:\/\/mebicar.pl\/en\/sklep\/palmitoylethanolamide-2\/\"]}]},{\"@type\":\"BreadcrumbList\",\"@id\":\"https:\/\/mebicar.pl\/en\/sklep\/palmitoylethanolamide-2\/#breadcrumb\",\"itemListElement\":[{\"@type\":\"ListItem\",\"position\":1,\"name\":\"Home\",\"item\":\"https:\/\/mebicar.pl\/en\/shop-2\/\"},{\"@type\":\"ListItem\",\"position\":2,\"name\":\"Sklep\",\"item\":\"https:\/\/mebicar.pl\/\"},{\"@type\":\"ListItem\",\"position\":3,\"name\":\"Palmitoylethanolamide (PEA) \u2265 99% 1000mg.\"}]},{\"@type\":\"WebSite\",\"@id\":\"https:\/\/mebicar.pl\/#website\",\"url\":\"https:\/\/mebicar.pl\/\",\"name\":\"NONSENSIA, Laboratorium.\",\"description\":\"Modafinil, Phenylpiracetam, Bromantane NOOTROPIKI!\",\"publisher\":{\"@id\":\"https:\/\/mebicar.pl\/#organization\"},\"potentialAction\":[{\"@type\":\"SearchAction\",\"target\":{\"@type\":\"EntryPoint\",\"urlTemplate\":\"https:\/\/mebicar.pl\/?s={search_term_string}\"},\"query-input\":\"required name=search_term_string\"}],\"inLanguage\":\"en-US\"},{\"@type\":\"Organization\",\"@id\":\"https:\/\/mebicar.pl\/#organization\",\"name\":\"LAB\",\"url\":\"https:\/\/mebicar.pl\/\",\"logo\":{\"@type\":\"ImageObject\",\"inLanguage\":\"en-US\",\"@id\":\"https:\/\/mebicar.pl\/#\/schema\/logo\/image\/\",\"url\":\"https:\/\/mebicar.pl\/wp-content\/uploads\/2022\/10\/Nonsensia_Go.png\",\"contentUrl\":\"https:\/\/mebicar.pl\/wp-content\/uploads\/2022\/10\/Nonsensia_Go.png\",\"width\":2133,\"height\":2133,\"caption\":\"LAB\"},\"image\":{\"@id\":\"https:\/\/mebicar.pl\/#\/schema\/logo\/image\/\"}}]}<\/script>\n<!-- \/ Yoast SEO plugin. -->","yoast_head_json":{"title":"Palmitoylethanolamide (PEA) \u2265 99% 1000mg. - NONSENSIA, Laboratorium.","description":"Palmitoylethanolamide is a substance found in the human body. It has a broad spectrum of nootropic effects and also (PEA) has an analgesic effect.","robots":{"index":"index","follow":"follow","max-snippet":"max-snippet:-1","max-image-preview":"max-image-preview:large","max-video-preview":"max-video-preview:-1"},"canonical":"https:\/\/mebicar.pl\/en\/sklep\/palmitoylethanolamide-2\/","og_locale":"en_US","og_type":"article","og_title":"Palmitoylethanolamide (PEA) \u2265 99% 1000mg. - NONSENSIA, Laboratorium.","og_description":"Palmitoylethanolamide is a substance found in the human body. It has a broad spectrum of nootropic effects and also (PEA) has an analgesic effect.","og_url":"https:\/\/mebicar.pl\/en\/sklep\/palmitoylethanolamide-2\/","og_site_name":"NONSENSIA, Laboratorium.","og_image":[{"width":1920,"height":1440,"url":"https:\/\/mebicar.pl\/wp-content\/uploads\/2022\/10\/Palmitoylethanolamide_pure_Substance.png","type":"image\/png"}],"twitter_card":"summary_large_image","schema":{"@context":"https:\/\/schema.org","@graph":[{"@type":"WebPage","@id":"https:\/\/mebicar.pl\/en\/sklep\/palmitoylethanolamide-2\/","url":"https:\/\/mebicar.pl\/en\/sklep\/palmitoylethanolamide-2\/","name":"Palmitoylethanolamide (PEA) \u2265 99% 1000mg. - NONSENSIA, Laboratorium.","isPartOf":{"@id":"https:\/\/mebicar.pl\/#website"},"datePublished":"2022-10-13T09:20:42+00:00","dateModified":"2022-10-13T09:20:42+00:00","description":"Palmitoylethanolamide is a substance found in the human body. It has a broad spectrum of nootropic effects and also (PEA) has an analgesic effect.","breadcrumb":{"@id":"https:\/\/mebicar.pl\/en\/sklep\/palmitoylethanolamide-2\/#breadcrumb"},"inLanguage":"en-US","potentialAction":[{"@type":"ReadAction","target":["https:\/\/mebicar.pl\/en\/sklep\/palmitoylethanolamide-2\/"]}]},{"@type":"BreadcrumbList","@id":"https:\/\/mebicar.pl\/en\/sklep\/palmitoylethanolamide-2\/#breadcrumb","itemListElement":[{"@type":"ListItem","position":1,"name":"Home","item":"https:\/\/mebicar.pl\/en\/shop-2\/"},{"@type":"ListItem","position":2,"name":"Sklep","item":"https:\/\/mebicar.pl\/"},{"@type":"ListItem","position":3,"name":"Palmitoylethanolamide (PEA) \u2265 99% 1000mg."}]},{"@type":"WebSite","@id":"https:\/\/mebicar.pl\/#website","url":"https:\/\/mebicar.pl\/","name":"NONSENSIA, Laboratorium.","description":"Modafinil, Phenylpiracetam, Bromantane NOOTROPIKI!","publisher":{"@id":"https:\/\/mebicar.pl\/#organization"},"potentialAction":[{"@type":"SearchAction","target":{"@type":"EntryPoint","urlTemplate":"https:\/\/mebicar.pl\/?s={search_term_string}"},"query-input":"required name=search_term_string"}],"inLanguage":"en-US"},{"@type":"Organization","@id":"https:\/\/mebicar.pl\/#organization","name":"LAB","url":"https:\/\/mebicar.pl\/","logo":{"@type":"ImageObject","inLanguage":"en-US","@id":"https:\/\/mebicar.pl\/#\/schema\/logo\/image\/","url":"https:\/\/mebicar.pl\/wp-content\/uploads\/2022\/10\/Nonsensia_Go.png","contentUrl":"https:\/\/mebicar.pl\/wp-content\/uploads\/2022\/10\/Nonsensia_Go.png","width":2133,"height":2133,"caption":"LAB"},"image":{"@id":"https:\/\/mebicar.pl\/#\/schema\/logo\/image\/"}}]}},"jetpack_sharing_enabled":true,"_links":{"self":[{"href":"https:\/\/mebicar.pl\/en\/wp-json\/wp\/v2\/product\/550"}],"collection":[{"href":"https:\/\/mebicar.pl\/en\/wp-json\/wp\/v2\/product"}],"about":[{"href":"https:\/\/mebicar.pl\/en\/wp-json\/wp\/v2\/types\/product"}],"replies":[{"embeddable":true,"href":"https:\/\/mebicar.pl\/en\/wp-json\/wp\/v2\/comments?post=550"}],"wp:featuredmedia":[{"embeddable":true,"href":"https:\/\/mebicar.pl\/en\/wp-json\/wp\/v2\/media\/956"}],"wp:attachment":[{"href":"https:\/\/mebicar.pl\/en\/wp-json\/wp\/v2\/media?parent=550"}],"wp:term":[{"taxonomy":"product_cat","embeddable":true,"href":"https:\/\/mebicar.pl\/en\/wp-json\/wp\/v2\/product_cat?post=550"},{"taxonomy":"product_tag","embeddable":true,"href":"https:\/\/mebicar.pl\/en\/wp-json\/wp\/v2\/product_tag?post=550"}],"curies":[{"name":"wp","href":"https:\/\/api.w.org\/{rel}","templated":true}]}}