{"id":334,"date":"2022-10-02T16:30:45","date_gmt":"2022-10-02T16:30:45","guid":{"rendered":"https:\/\/mebicar.pl\/?post_type=product&#038;p=334"},"modified":"2023-08-22T20:02:10","modified_gmt":"2023-08-22T20:02:10","slug":"aniracetam","status":"publish","type":"product","link":"https:\/\/mebicar.pl\/en\/sklep\/aniracetam\/","title":{"rendered":"Aniracetam \u2265 99%. Czysta substancja chemiczna bez wype\u0142niaczy 1000mg."},"content":{"rendered":"<h1>Aniracetam 1000mg.<\/h1>\n<ul>\n<li>\n<h4>Czysto\u015b\u0107 \u2265 99%<\/h4>\n<\/li>\n<li>\n<h4>Waga netto: 1 gram<\/h4>\n<\/li>\n<li>\n<h4>Cas Number: 72432-10-1<\/h4>\n<\/li>\n<li>\n<h4>Wz\u00f3r cz\u0105steczkowy: C12H13NO3<\/h4>\n<\/li>\n<li>\n<h4>Masa cz\u0105steczkowa: 219,240 g\u00b7mol-1<\/h4>\n<\/li>\n<li>\n<h4>Forma: Proszek.<\/h4>\n<\/li>\n<\/ul>\n<h5><a href=\"https:\/\/mebicar.pl\/aniracetam-lepsza-pamiec-i-samopoczucie-psychiczne\/\">Aniracetam<\/a> jest sprzedawany pod r\u00f3\u017cnymi markami. Ciesz\u0105ce si\u0119 najwi\u0119ksz\u0105 popularno\u015bci\u0105 s\u0105 produkty:<\/h5>\n<ul>\n<li><b>Draganon<\/b><\/li>\n<li><b>Ampamet<\/b><\/li>\n<li><b>Memodrin<\/b><\/li>\n<li><b>Sarpul<\/b><\/li>\n<li><b>Referan<\/b><\/li>\n<\/ul>\n<p>Aniracetam jest substancj\u0105 nootropow\u0105 z grupy racetam\u00f3w, kt\u00f3ra ma wp\u0142yw na funkcje poznawcze m\u00f3zgu, takie jak pami\u0119\u0107, koncentracja i uczenie si\u0119. Chocia\u017c dok\u0142adny mechanizm jego dzia\u0142ania nie jest w pe\u0142ni poznany, istniej\u0105 pewne teorie dotycz\u0105ce tego, jak Aniracetam mo\u017ce wp\u0142ywa\u0107 na m\u00f3zg:<\/p>\n<ol>\n<li><strong>Modulacja receptor\u00f3w glutaminianowych<\/strong>: Aniracetam jest sugestywnie zwi\u0105zany z modulacj\u0105 receptor\u00f3w glutaminianowych, zw\u0142aszcza receptor\u00f3w AMPA (alfa-amino-3-hydroksy-5-metylo-4-izoksazolopropionianowy). Stymulacja receptor\u00f3w AMPA mo\u017ce prowadzi\u0107 do poprawy przewodnictwa nerwowego i wp\u0142ywa\u0107 na procesy uczenia si\u0119 oraz pami\u0119\u0107.<\/li>\n<li><strong>Wp\u0142yw na przeka\u017anictwo cholinergiczne<\/strong>: Aniracetam mo\u017ce r\u00f3wnie\u017c wp\u0142ywa\u0107 na uk\u0142ad cholinergiczny, kt\u00f3ry jest zwi\u0105zany z procesami uczenia si\u0119, pami\u0119ci\u0105 i koncentracj\u0105. Mo\u017ce to obejmowa\u0107 zwi\u0119kszenie uwalniania acetylocholiny, co mo\u017ce wp\u0142yn\u0105\u0107 na lepsz\u0105 komunikacj\u0119 mi\u0119dzy neuronami.<\/li>\n<li><strong>Efekty neuroprotekcyjne<\/strong>: Istniej\u0105 dowody na to, \u017ce Aniracetam mo\u017ce wywiera\u0107 dzia\u0142anie neuroprotekcyjne poprzez redukcj\u0119 stresu oksydacyjnego i ochron\u0119 kom\u00f3rek nerwowych przed uszkodzeniami.<\/li>\n<li><strong>Poprawa komunikacji mi\u0119dzy hemisferami m\u00f3zgu<\/strong>: Aniracetam jest tak\u017ce powi\u0105zany z popraw\u0105 komunikacji mi\u0119dzy lew\u0105 a praw\u0105 p\u00f3\u0142kul\u0105 m\u00f3zgu. Mo\u017ce to prowadzi\u0107 do lepszej integracji informacji oraz wspomaga\u0107 tw\u00f3rcze my\u015blenie.<\/li>\n<\/ol>\n<p>Wyniki bada\u0144 nad Aniracetamem s\u0105 jednak sprzeczne i nie zawsze jednoznacznie potwierdzaj\u0105 jego dzia\u0142anie nootropowe. Co wi\u0119cej, substancja ta mo\u017ce mie\u0107 r\u00f3\u017cne efekty w zale\u017cno\u015bci od indywidualnych cech organizmu. Nale\u017cy pami\u0119ta\u0107, \u017ce Aniracetam i inne nootropy nie s\u0105 zatwierdzone jako leki w wielu krajach i nie powinny by\u0107 stosowane bez konsultacji z lekarzem. Zawsze wa\u017cne jest zachowanie ostro\u017cno\u015bci w odniesieniu do u\u017cywania substancji, kt\u00f3re mog\u0105 wp\u0142ywa\u0107 na funkcjonowanie m\u00f3zgu.<\/p>\n","protected":false},"excerpt":{"rendered":"<p>Aniracetam godny przedstawiciel lek\u00f3w nootropowych nale\u017c\u0105cy do grupy racetam\u00f3w.<\/p>\n","protected":false},"featured_media":964,"comment_status":"closed","ping_status":"closed","template":"","meta":[],"product_cat":[15],"product_tag":[93,77,91,92,94,96,95],"yoast_head":"<!-- This site is optimized with the Yoast SEO plugin v21.8.1 - https:\/\/yoast.com\/wordpress\/plugins\/seo\/ -->\n<title>Aniracetam \u2265 99%. Czysta substancja chemiczna bez wype\u0142niaczy 1000mg. modafinil.pl<\/title>\n<meta name=\"description\" content=\"Aniracetam nale\u017cy do szerokiej grupy substancji nootropowych nazywanych racetamami. Tak jak ka\u017cda moleku\u0142a z tej grupy wydatnie wspomaga pami\u0119\u0107 i kognicj\u0119.\" \/>\n<meta name=\"robots\" content=\"index, follow, max-snippet:-1, max-image-preview:large, max-video-preview:-1\" \/>\n<link rel=\"canonical\" href=\"https:\/\/mebicar.pl\/en\/sklep\/aniracetam\/\" \/>\n<meta property=\"og:locale\" content=\"en_US\" \/>\n<meta property=\"og:type\" content=\"article\" \/>\n<meta property=\"og:title\" content=\"Aniracetam \u2265 99%. Czysta substancja chemiczna bez wype\u0142niaczy 1000mg. modafinil.pl\" \/>\n<meta property=\"og:description\" content=\"Aniracetam nale\u017cy do szerokiej grupy substancji nootropowych nazywanych racetamami. Tak jak ka\u017cda moleku\u0142a z tej grupy wydatnie wspomaga pami\u0119\u0107 i kognicj\u0119.\" \/>\n<meta property=\"og:url\" content=\"https:\/\/mebicar.pl\/en\/sklep\/aniracetam\/\" \/>\n<meta property=\"og:site_name\" content=\"NONSENSIA, Laboratorium.\" \/>\n<meta property=\"article:modified_time\" content=\"2023-08-22T20:02:10+00:00\" \/>\n<meta property=\"og:image\" content=\"https:\/\/mebicar.pl\/wp-content\/uploads\/2022\/10\/ANIRACETAMALLEGRO.jpg\" \/>\n\t<meta property=\"og:image:width\" content=\"1280\" \/>\n\t<meta property=\"og:image:height\" content=\"896\" \/>\n\t<meta property=\"og:image:type\" content=\"image\/jpeg\" \/>\n<meta name=\"twitter:card\" content=\"summary_large_image\" \/>\n<meta name=\"twitter:label1\" content=\"Est. reading time\" \/>\n\t<meta name=\"twitter:data1\" content=\"2 minutes\" \/>\n<script type=\"application\/ld+json\" class=\"yoast-schema-graph\">{\"@context\":\"https:\/\/schema.org\",\"@graph\":[{\"@type\":\"WebPage\",\"@id\":\"https:\/\/mebicar.pl\/en\/sklep\/aniracetam\/\",\"url\":\"https:\/\/mebicar.pl\/en\/sklep\/aniracetam\/\",\"name\":\"Aniracetam \u2265 99%. Czysta substancja chemiczna bez wype\u0142niaczy 1000mg. modafinil.pl\",\"isPartOf\":{\"@id\":\"https:\/\/mebicar.pl\/#website\"},\"datePublished\":\"2022-10-02T16:30:45+00:00\",\"dateModified\":\"2023-08-22T20:02:10+00:00\",\"description\":\"Aniracetam nale\u017cy do szerokiej grupy substancji nootropowych nazywanych racetamami. Tak jak ka\u017cda moleku\u0142a z tej grupy wydatnie wspomaga pami\u0119\u0107 i kognicj\u0119.\",\"breadcrumb\":{\"@id\":\"https:\/\/mebicar.pl\/en\/sklep\/aniracetam\/#breadcrumb\"},\"inLanguage\":\"en-US\",\"potentialAction\":[{\"@type\":\"ReadAction\",\"target\":[\"https:\/\/mebicar.pl\/en\/sklep\/aniracetam\/\"]}]},{\"@type\":\"BreadcrumbList\",\"@id\":\"https:\/\/mebicar.pl\/en\/sklep\/aniracetam\/#breadcrumb\",\"itemListElement\":[{\"@type\":\"ListItem\",\"position\":1,\"name\":\"Home\",\"item\":\"https:\/\/mebicar.pl\/en\/shop-2\/\"},{\"@type\":\"ListItem\",\"position\":2,\"name\":\"Sklep\",\"item\":\"https:\/\/mebicar.pl\/\"},{\"@type\":\"ListItem\",\"position\":3,\"name\":\"Aniracetam \u2265 99%. Czysta substancja chemiczna bez wype\u0142niaczy 1000mg.\"}]},{\"@type\":\"WebSite\",\"@id\":\"https:\/\/mebicar.pl\/#website\",\"url\":\"https:\/\/mebicar.pl\/\",\"name\":\"NONSENSIA, Laboratorium.\",\"description\":\"Modafinil, Phenylpiracetam, Bromantane NOOTROPIKI!\",\"publisher\":{\"@id\":\"https:\/\/mebicar.pl\/#organization\"},\"potentialAction\":[{\"@type\":\"SearchAction\",\"target\":{\"@type\":\"EntryPoint\",\"urlTemplate\":\"https:\/\/mebicar.pl\/?s={search_term_string}\"},\"query-input\":\"required name=search_term_string\"}],\"inLanguage\":\"en-US\"},{\"@type\":\"Organization\",\"@id\":\"https:\/\/mebicar.pl\/#organization\",\"name\":\"LAB\",\"url\":\"https:\/\/mebicar.pl\/\",\"logo\":{\"@type\":\"ImageObject\",\"inLanguage\":\"en-US\",\"@id\":\"https:\/\/mebicar.pl\/#\/schema\/logo\/image\/\",\"url\":\"https:\/\/mebicar.pl\/wp-content\/uploads\/2022\/10\/Nonsensia_Go.png\",\"contentUrl\":\"https:\/\/mebicar.pl\/wp-content\/uploads\/2022\/10\/Nonsensia_Go.png\",\"width\":2133,\"height\":2133,\"caption\":\"LAB\"},\"image\":{\"@id\":\"https:\/\/mebicar.pl\/#\/schema\/logo\/image\/\"}}]}<\/script>\n<!-- \/ Yoast SEO plugin. -->","yoast_head_json":{"title":"Aniracetam \u2265 99%. Czysta substancja chemiczna bez wype\u0142niaczy 1000mg. modafinil.pl","description":"Aniracetam nale\u017cy do szerokiej grupy substancji nootropowych nazywanych racetamami. Tak jak ka\u017cda moleku\u0142a z tej grupy wydatnie wspomaga pami\u0119\u0107 i kognicj\u0119.","robots":{"index":"index","follow":"follow","max-snippet":"max-snippet:-1","max-image-preview":"max-image-preview:large","max-video-preview":"max-video-preview:-1"},"canonical":"https:\/\/mebicar.pl\/en\/sklep\/aniracetam\/","og_locale":"en_US","og_type":"article","og_title":"Aniracetam \u2265 99%. Czysta substancja chemiczna bez wype\u0142niaczy 1000mg. modafinil.pl","og_description":"Aniracetam nale\u017cy do szerokiej grupy substancji nootropowych nazywanych racetamami. Tak jak ka\u017cda moleku\u0142a z tej grupy wydatnie wspomaga pami\u0119\u0107 i kognicj\u0119.","og_url":"https:\/\/mebicar.pl\/en\/sklep\/aniracetam\/","og_site_name":"NONSENSIA, Laboratorium.","article_modified_time":"2023-08-22T20:02:10+00:00","og_image":[{"width":1280,"height":896,"url":"https:\/\/mebicar.pl\/wp-content\/uploads\/2022\/10\/ANIRACETAMALLEGRO.jpg","type":"image\/jpeg"}],"twitter_card":"summary_large_image","twitter_misc":{"Est. reading time":"2 minutes"},"schema":{"@context":"https:\/\/schema.org","@graph":[{"@type":"WebPage","@id":"https:\/\/mebicar.pl\/en\/sklep\/aniracetam\/","url":"https:\/\/mebicar.pl\/en\/sklep\/aniracetam\/","name":"Aniracetam \u2265 99%. Czysta substancja chemiczna bez wype\u0142niaczy 1000mg. modafinil.pl","isPartOf":{"@id":"https:\/\/mebicar.pl\/#website"},"datePublished":"2022-10-02T16:30:45+00:00","dateModified":"2023-08-22T20:02:10+00:00","description":"Aniracetam nale\u017cy do szerokiej grupy substancji nootropowych nazywanych racetamami. Tak jak ka\u017cda moleku\u0142a z tej grupy wydatnie wspomaga pami\u0119\u0107 i kognicj\u0119.","breadcrumb":{"@id":"https:\/\/mebicar.pl\/en\/sklep\/aniracetam\/#breadcrumb"},"inLanguage":"en-US","potentialAction":[{"@type":"ReadAction","target":["https:\/\/mebicar.pl\/en\/sklep\/aniracetam\/"]}]},{"@type":"BreadcrumbList","@id":"https:\/\/mebicar.pl\/en\/sklep\/aniracetam\/#breadcrumb","itemListElement":[{"@type":"ListItem","position":1,"name":"Home","item":"https:\/\/mebicar.pl\/en\/shop-2\/"},{"@type":"ListItem","position":2,"name":"Sklep","item":"https:\/\/mebicar.pl\/"},{"@type":"ListItem","position":3,"name":"Aniracetam \u2265 99%. Czysta substancja chemiczna bez wype\u0142niaczy 1000mg."}]},{"@type":"WebSite","@id":"https:\/\/mebicar.pl\/#website","url":"https:\/\/mebicar.pl\/","name":"NONSENSIA, Laboratorium.","description":"Modafinil, Phenylpiracetam, Bromantane NOOTROPIKI!","publisher":{"@id":"https:\/\/mebicar.pl\/#organization"},"potentialAction":[{"@type":"SearchAction","target":{"@type":"EntryPoint","urlTemplate":"https:\/\/mebicar.pl\/?s={search_term_string}"},"query-input":"required name=search_term_string"}],"inLanguage":"en-US"},{"@type":"Organization","@id":"https:\/\/mebicar.pl\/#organization","name":"LAB","url":"https:\/\/mebicar.pl\/","logo":{"@type":"ImageObject","inLanguage":"en-US","@id":"https:\/\/mebicar.pl\/#\/schema\/logo\/image\/","url":"https:\/\/mebicar.pl\/wp-content\/uploads\/2022\/10\/Nonsensia_Go.png","contentUrl":"https:\/\/mebicar.pl\/wp-content\/uploads\/2022\/10\/Nonsensia_Go.png","width":2133,"height":2133,"caption":"LAB"},"image":{"@id":"https:\/\/mebicar.pl\/#\/schema\/logo\/image\/"}}]}},"jetpack_sharing_enabled":true,"_links":{"self":[{"href":"https:\/\/mebicar.pl\/en\/wp-json\/wp\/v2\/product\/334"}],"collection":[{"href":"https:\/\/mebicar.pl\/en\/wp-json\/wp\/v2\/product"}],"about":[{"href":"https:\/\/mebicar.pl\/en\/wp-json\/wp\/v2\/types\/product"}],"replies":[{"embeddable":true,"href":"https:\/\/mebicar.pl\/en\/wp-json\/wp\/v2\/comments?post=334"}],"wp:featuredmedia":[{"embeddable":true,"href":"https:\/\/mebicar.pl\/en\/wp-json\/wp\/v2\/media\/964"}],"wp:attachment":[{"href":"https:\/\/mebicar.pl\/en\/wp-json\/wp\/v2\/media?parent=334"}],"wp:term":[{"taxonomy":"product_cat","embeddable":true,"href":"https:\/\/mebicar.pl\/en\/wp-json\/wp\/v2\/product_cat?post=334"},{"taxonomy":"product_tag","embeddable":true,"href":"https:\/\/mebicar.pl\/en\/wp-json\/wp\/v2\/product_tag?post=334"}],"curies":[{"name":"wp","href":"https:\/\/api.w.org\/{rel}","templated":true}]}}