{"id":25,"date":"2022-09-04T05:33:21","date_gmt":"2022-09-04T05:33:21","guid":{"rendered":"https:\/\/mebicar.pl\/?post_type=product&#038;p=25"},"modified":"2024-02-08T10:42:36","modified_gmt":"2024-02-08T10:42:36","slug":"bromantan","status":"publish","type":"product","link":"https:\/\/mebicar.pl\/en\/sklep\/bromantan\/","title":{"rendered":"Bromantan\/Ladasten\/Bromantane 1000mg, 99% zawarto\u015bci Bromantanu w opakowaniu!"},"content":{"rendered":"<h1>1000mg Bromantanu.<\/h1>\n<h1>Czysto\u015b\u0107 produktu przekracza 99% masy netto!<\/h1>\n<p>&nbsp;<\/p>\n<ul>\n<li>\n<h3>FLMODAFINIL, CRL-40,940<\/h3>\n<\/li>\n<li>\n<h3>CAS No .: 87913-26-6<\/h3>\n<\/li>\n<li>\n<h3>Purity \u2265 99.75%<\/h3>\n<\/li>\n<li>\n<h3>Formula: C15H13F2NO2S<\/h3>\n<\/li>\n<li>\n<h3>Molar mass: 309.33 g\u00b7mol-1<\/h3>\n<\/li>\n<li>\n<h3>Producent: Nonsensia.<\/h3>\n<\/li>\n<\/ul>\n<p>&nbsp;<\/p>\n<ul>\n<li>\n<h4>Bromantan zsyntetyzowany w polskim labolatorium.<\/h4>\n<\/li>\n<li>\n<h4>Forma: Czysty bia\u0142y krystaliczny puder.<\/h4>\n<\/li>\n<li>\n<h4>Pakowanie: Saszetka.<\/h4>\n<\/li>\n<li>\n<h4>Produkt do bada\u0144 labolatoryjnych nie do spo\u017cycia.<\/h4>\n<\/li>\n<li>\n<h4>Przebadany na obceno\u015b\u0107 metali ci\u0119\u017ckich.<\/h4>\n<\/li>\n<\/ul>\n<p>&nbsp;<\/p>\n<h2>Nazwy handlowe pod kt\u00f3rymi dost\u0119pny jest Bromantane:<\/h2>\n<ul>\n<li>\n<h2>Bromantane<\/h2>\n<\/li>\n<li>\n<h2>Bromantan<\/h2>\n<\/li>\n<li>\n<h2><a href=\"https:\/\/mebicar.pl\/ladasten-mechanizm-dzialania-zastosowanie-dawkowanie\/\">Ladasten<\/a><\/h2>\n<\/li>\n<li>\n<h2>ADK-709<\/h2>\n<\/li>\n<\/ul>\n<h4>Kr\u00f3tki opis Bromantanu na bazie fachowej literatury naukowej:<\/h4>\n<h4>Bromantan to psychostymulant kt\u00f3ry ma paradoksalne dzia\u0142anie. Jednocze\u015bnie stymuluje ale ma te\u017c dzia\u0142anie antyl\u0119kowe. Ta unikalna w\u0142a\u015bciwo\u015b\u0107 jest doceniana szczeg\u00f3lnie przez profesjonalnych sportowc\u00f3w kt\u00f3rzy Bromantane u\u017cywaj\u0105 jako \u015brodek dopinguj\u0105cy. Bromantan zosta\u0142 odkryty i zsyntetyzowany przez Moskiewski Instytut Farmaceutyczny. W Rosji <a href=\"https:\/\/mebicar.pl\/bromantan-dzialanie-i-dawkowanie\/\">Bromantan<\/a> jest sprzedawany pod handlow\u0105 mark\u0105 Ladasten od 2009 roku. Jego unikalne w\u0142a\u015bciwo\u015bci zosta\u0142y przetestowane na rosyjskich atletach w kt\u00f3rych urynie zosta\u0142 wykryty jako nieznany wcze\u015bniej metabolit. Mia\u0142o to miejsce podczas letnich igrzysk olimpijskich 1996 roku. Ju\u017c rok p\u00f3\u017aniej Mi\u0119dzynarodowa Agencja Antydopingowa zdelegalizowa\u0142a u\u017cywanie Bromantanu podczas olimpijskich zmaga\u0144. Od 1997 roku a\u017c do teraz Bromantan znajduje si\u0119 na li\u015bcie substancji dopingowej WADA (World Anty Doping Agency). Dyskusja rozgo\u017ca\u0142a ze wzgl\u0119du na to i\u017c Bromantane m\u00f3g\u0142 a w spos\u00f3b potwierdzony badaniami klinicznymi podnosi\u0107 wydolno\u015b\u0107 organizmu. Bromantan jest relatywnie bezpieczny od 50mg do 100mg.\u00a0 Zarys historyczny Bromantanu to data jego odkrycia w roku 1960 kiedy zosta\u0142 odkryty jako pochodna amantadyny. Je\u017celi masz skojarzenie z COVID-19 na fraz\u0119 amantadyna to jest ono jak najbardziej s\u0142uszne.<\/h4>\n<p>Je\u017celi poszukujesz bardziej szczeg\u00f3\u0142owych informacji na temat<\/p>\n<p>Ladastenu \/ Bromantane lub Bromantanu zapoznaj si\u0119 z naszymi akryku\u0142ami:<\/p>\n<blockquote class=\"wp-embedded-content\" data-secret=\"V1P5aS6tnE\"><p><a href=\"https:\/\/mebicar.pl\/ladasten-mechanizm-dzialania-zastosowanie-dawkowanie\/\">Ladasten &#8211; mechanizm dzia\u0142ania, zastosowanie, dawkowanie<\/a><\/p><\/blockquote>\n<p><iframe class=\"wp-embedded-content\" sandbox=\"allow-scripts\" security=\"restricted\" style=\"position: absolute; clip: rect(1px, 1px, 1px, 1px);\" title=\"&#8222;Ladasten &#8211; mechanizm dzia\u0142ania, zastosowanie, dawkowanie&#8221; &#8212; NONSENSIA, Laboratorium.\" src=\"https:\/\/mebicar.pl\/ladasten-mechanizm-dzialania-zastosowanie-dawkowanie\/embed\/#?secret=9hzgUyTYAS#?secret=V1P5aS6tnE\" data-secret=\"V1P5aS6tnE\" width=\"600\" height=\"338\" frameborder=\"0\" marginwidth=\"0\" marginheight=\"0\" scrolling=\"no\"><\/iframe><\/p>\n<blockquote class=\"wp-embedded-content\" data-secret=\"JJC3pfu3eN\"><p><a href=\"https:\/\/mebicar.pl\/bromantan-dzialanie-i-dawkowanie\/\">Bromantan &#8211; dzia\u0142anie i dawkowanie<\/a><\/p><\/blockquote>\n<p><iframe class=\"wp-embedded-content\" sandbox=\"allow-scripts\" security=\"restricted\" style=\"position: absolute; clip: rect(1px, 1px, 1px, 1px);\" title=\"&#8222;Bromantan &#8211; dzia\u0142anie i dawkowanie&#8221; &#8212; NONSENSIA, Laboratorium.\" src=\"https:\/\/mebicar.pl\/bromantan-dzialanie-i-dawkowanie\/embed\/#?secret=7ZTmXlyr1t#?secret=JJC3pfu3eN\" data-secret=\"JJC3pfu3eN\" width=\"600\" height=\"338\" frameborder=\"0\" marginwidth=\"0\" marginheight=\"0\" scrolling=\"no\"><\/iframe><\/p>\n","protected":false},"excerpt":{"rendered":"<p>1000mg Bromantanu. Czysto\u015b\u0107 produktu przekracza 99% masy netto! &nbsp; FLMODAFINIL, CRL-40,940 CAS No .: 87913-26-6 Purity \u2265 99.75% Formula: C15H13F2NO2S Molar mass: 309.33 g\u00b7mol-1 Producent: Nonsensia. &nbsp; Bromantan zsyntetyzowany w polskim labolatorium. Forma: Czysty bia\u0142y krystaliczny puder. Pakowanie: Saszetka. Produkt do bada\u0144 labolatoryjnych nie do spo\u017cycia. Przebadany na obceno\u015b\u0107 metali ci\u0119\u017ckich. &nbsp; Nazwy handlowe pod [&hellip;]<\/p>\n","protected":false},"featured_media":119,"comment_status":"closed","ping_status":"closed","template":"","meta":[],"product_cat":[15],"product_tag":[83,80,81,98,84,82,99],"yoast_head":"<!-- This site is optimized with the Yoast SEO plugin v21.8.1 - https:\/\/yoast.com\/wordpress\/plugins\/seo\/ -->\n<title>Bromantan\/Ladasten\/Bromantane 1000mg, 99% zawarto\u015bci Bromantanu w opakowaniu! - NONSENSIA, Laboratorium.<\/title>\n<meta name=\"description\" content=\"Bromantan jest unikalnym psychostymulantem o dzia\u0142aniu antyl\u0119kowym. Stosowany jako doping przez sportowdc\u00f3w oraz pacjent\u00f3w z ADHD. Bromantane kupisz online!\" \/>\n<meta name=\"robots\" content=\"index, follow, max-snippet:-1, max-image-preview:large, max-video-preview:-1\" \/>\n<link rel=\"canonical\" href=\"https:\/\/mebicar.pl\/en\/sklep\/bromantan\/\" \/>\n<meta property=\"og:locale\" content=\"en_US\" \/>\n<meta property=\"og:type\" content=\"article\" \/>\n<meta property=\"og:title\" content=\"Bromantan\/Ladasten\/Bromantane 1000mg, 99% zawarto\u015bci Bromantanu w opakowaniu! - NONSENSIA, Laboratorium.\" \/>\n<meta property=\"og:description\" content=\"Bromantan jest unikalnym psychostymulantem o dzia\u0142aniu antyl\u0119kowym. Stosowany jako doping przez sportowdc\u00f3w oraz pacjent\u00f3w z ADHD. Bromantane kupisz online!\" \/>\n<meta property=\"og:url\" content=\"https:\/\/mebicar.pl\/en\/sklep\/bromantan\/\" \/>\n<meta property=\"og:site_name\" content=\"NONSENSIA, Laboratorium.\" \/>\n<meta property=\"article:modified_time\" content=\"2024-02-08T10:42:36+00:00\" \/>\n<meta property=\"og:image\" content=\"https:\/\/mebicar.pl\/wp-content\/uploads\/2022\/09\/Bromantane_Ladasten_Shop_Online_Psychostymulant.jpg\" \/>\n\t<meta property=\"og:image:width\" content=\"303\" \/>\n\t<meta property=\"og:image:height\" content=\"319\" \/>\n\t<meta property=\"og:image:type\" content=\"image\/jpeg\" \/>\n<meta name=\"twitter:card\" content=\"summary_large_image\" \/>\n<meta name=\"twitter:label1\" content=\"Est. reading time\" \/>\n\t<meta name=\"twitter:data1\" content=\"2 minutes\" \/>\n<script type=\"application\/ld+json\" class=\"yoast-schema-graph\">{\"@context\":\"https:\/\/schema.org\",\"@graph\":[{\"@type\":\"WebPage\",\"@id\":\"https:\/\/mebicar.pl\/en\/sklep\/bromantan\/\",\"url\":\"https:\/\/mebicar.pl\/en\/sklep\/bromantan\/\",\"name\":\"Bromantan\/Ladasten\/Bromantane 1000mg, 99% zawarto\u015bci Bromantanu w opakowaniu! - NONSENSIA, Laboratorium.\",\"isPartOf\":{\"@id\":\"https:\/\/mebicar.pl\/#website\"},\"datePublished\":\"2022-09-04T05:33:21+00:00\",\"dateModified\":\"2024-02-08T10:42:36+00:00\",\"description\":\"Bromantan jest unikalnym psychostymulantem o dzia\u0142aniu antyl\u0119kowym. Stosowany jako doping przez sportowdc\u00f3w oraz pacjent\u00f3w z ADHD. Bromantane kupisz online!\",\"breadcrumb\":{\"@id\":\"https:\/\/mebicar.pl\/en\/sklep\/bromantan\/#breadcrumb\"},\"inLanguage\":\"en-US\",\"potentialAction\":[{\"@type\":\"ReadAction\",\"target\":[\"https:\/\/mebicar.pl\/en\/sklep\/bromantan\/\"]}]},{\"@type\":\"BreadcrumbList\",\"@id\":\"https:\/\/mebicar.pl\/en\/sklep\/bromantan\/#breadcrumb\",\"itemListElement\":[{\"@type\":\"ListItem\",\"position\":1,\"name\":\"Home\",\"item\":\"https:\/\/mebicar.pl\/en\/shop-2\/\"},{\"@type\":\"ListItem\",\"position\":2,\"name\":\"Sklep\",\"item\":\"https:\/\/mebicar.pl\/\"},{\"@type\":\"ListItem\",\"position\":3,\"name\":\"Bromantan\/Ladasten\/Bromantane 1000mg, 99% zawarto\u015bci Bromantanu w opakowaniu!\"}]},{\"@type\":\"WebSite\",\"@id\":\"https:\/\/mebicar.pl\/#website\",\"url\":\"https:\/\/mebicar.pl\/\",\"name\":\"NONSENSIA, Laboratorium.\",\"description\":\"Modafinil, Phenylpiracetam, Bromantane NOOTROPIKI!\",\"publisher\":{\"@id\":\"https:\/\/mebicar.pl\/#organization\"},\"potentialAction\":[{\"@type\":\"SearchAction\",\"target\":{\"@type\":\"EntryPoint\",\"urlTemplate\":\"https:\/\/mebicar.pl\/?s={search_term_string}\"},\"query-input\":\"required name=search_term_string\"}],\"inLanguage\":\"en-US\"},{\"@type\":\"Organization\",\"@id\":\"https:\/\/mebicar.pl\/#organization\",\"name\":\"LAB\",\"url\":\"https:\/\/mebicar.pl\/\",\"logo\":{\"@type\":\"ImageObject\",\"inLanguage\":\"en-US\",\"@id\":\"https:\/\/mebicar.pl\/#\/schema\/logo\/image\/\",\"url\":\"https:\/\/mebicar.pl\/wp-content\/uploads\/2022\/10\/Nonsensia_Go.png\",\"contentUrl\":\"https:\/\/mebicar.pl\/wp-content\/uploads\/2022\/10\/Nonsensia_Go.png\",\"width\":2133,\"height\":2133,\"caption\":\"LAB\"},\"image\":{\"@id\":\"https:\/\/mebicar.pl\/#\/schema\/logo\/image\/\"}}]}<\/script>\n<!-- \/ Yoast SEO plugin. -->","yoast_head_json":{"title":"Bromantan\/Ladasten\/Bromantane 1000mg, 99% zawarto\u015bci Bromantanu w opakowaniu! - NONSENSIA, Laboratorium.","description":"Bromantan jest unikalnym psychostymulantem o dzia\u0142aniu antyl\u0119kowym. Stosowany jako doping przez sportowdc\u00f3w oraz pacjent\u00f3w z ADHD. Bromantane kupisz online!","robots":{"index":"index","follow":"follow","max-snippet":"max-snippet:-1","max-image-preview":"max-image-preview:large","max-video-preview":"max-video-preview:-1"},"canonical":"https:\/\/mebicar.pl\/en\/sklep\/bromantan\/","og_locale":"en_US","og_type":"article","og_title":"Bromantan\/Ladasten\/Bromantane 1000mg, 99% zawarto\u015bci Bromantanu w opakowaniu! - NONSENSIA, Laboratorium.","og_description":"Bromantan jest unikalnym psychostymulantem o dzia\u0142aniu antyl\u0119kowym. Stosowany jako doping przez sportowdc\u00f3w oraz pacjent\u00f3w z ADHD. Bromantane kupisz online!","og_url":"https:\/\/mebicar.pl\/en\/sklep\/bromantan\/","og_site_name":"NONSENSIA, Laboratorium.","article_modified_time":"2024-02-08T10:42:36+00:00","og_image":[{"width":303,"height":319,"url":"https:\/\/mebicar.pl\/wp-content\/uploads\/2022\/09\/Bromantane_Ladasten_Shop_Online_Psychostymulant.jpg","type":"image\/jpeg"}],"twitter_card":"summary_large_image","twitter_misc":{"Est. reading time":"2 minutes"},"schema":{"@context":"https:\/\/schema.org","@graph":[{"@type":"WebPage","@id":"https:\/\/mebicar.pl\/en\/sklep\/bromantan\/","url":"https:\/\/mebicar.pl\/en\/sklep\/bromantan\/","name":"Bromantan\/Ladasten\/Bromantane 1000mg, 99% zawarto\u015bci Bromantanu w opakowaniu! - NONSENSIA, Laboratorium.","isPartOf":{"@id":"https:\/\/mebicar.pl\/#website"},"datePublished":"2022-09-04T05:33:21+00:00","dateModified":"2024-02-08T10:42:36+00:00","description":"Bromantan jest unikalnym psychostymulantem o dzia\u0142aniu antyl\u0119kowym. Stosowany jako doping przez sportowdc\u00f3w oraz pacjent\u00f3w z ADHD. Bromantane kupisz online!","breadcrumb":{"@id":"https:\/\/mebicar.pl\/en\/sklep\/bromantan\/#breadcrumb"},"inLanguage":"en-US","potentialAction":[{"@type":"ReadAction","target":["https:\/\/mebicar.pl\/en\/sklep\/bromantan\/"]}]},{"@type":"BreadcrumbList","@id":"https:\/\/mebicar.pl\/en\/sklep\/bromantan\/#breadcrumb","itemListElement":[{"@type":"ListItem","position":1,"name":"Home","item":"https:\/\/mebicar.pl\/en\/shop-2\/"},{"@type":"ListItem","position":2,"name":"Sklep","item":"https:\/\/mebicar.pl\/"},{"@type":"ListItem","position":3,"name":"Bromantan\/Ladasten\/Bromantane 1000mg, 99% zawarto\u015bci Bromantanu w opakowaniu!"}]},{"@type":"WebSite","@id":"https:\/\/mebicar.pl\/#website","url":"https:\/\/mebicar.pl\/","name":"NONSENSIA, Laboratorium.","description":"Modafinil, Phenylpiracetam, Bromantane NOOTROPIKI!","publisher":{"@id":"https:\/\/mebicar.pl\/#organization"},"potentialAction":[{"@type":"SearchAction","target":{"@type":"EntryPoint","urlTemplate":"https:\/\/mebicar.pl\/?s={search_term_string}"},"query-input":"required name=search_term_string"}],"inLanguage":"en-US"},{"@type":"Organization","@id":"https:\/\/mebicar.pl\/#organization","name":"LAB","url":"https:\/\/mebicar.pl\/","logo":{"@type":"ImageObject","inLanguage":"en-US","@id":"https:\/\/mebicar.pl\/#\/schema\/logo\/image\/","url":"https:\/\/mebicar.pl\/wp-content\/uploads\/2022\/10\/Nonsensia_Go.png","contentUrl":"https:\/\/mebicar.pl\/wp-content\/uploads\/2022\/10\/Nonsensia_Go.png","width":2133,"height":2133,"caption":"LAB"},"image":{"@id":"https:\/\/mebicar.pl\/#\/schema\/logo\/image\/"}}]}},"jetpack_sharing_enabled":true,"_links":{"self":[{"href":"https:\/\/mebicar.pl\/en\/wp-json\/wp\/v2\/product\/25"}],"collection":[{"href":"https:\/\/mebicar.pl\/en\/wp-json\/wp\/v2\/product"}],"about":[{"href":"https:\/\/mebicar.pl\/en\/wp-json\/wp\/v2\/types\/product"}],"replies":[{"embeddable":true,"href":"https:\/\/mebicar.pl\/en\/wp-json\/wp\/v2\/comments?post=25"}],"wp:featuredmedia":[{"embeddable":true,"href":"https:\/\/mebicar.pl\/en\/wp-json\/wp\/v2\/media\/119"}],"wp:attachment":[{"href":"https:\/\/mebicar.pl\/en\/wp-json\/wp\/v2\/media?parent=25"}],"wp:term":[{"taxonomy":"product_cat","embeddable":true,"href":"https:\/\/mebicar.pl\/en\/wp-json\/wp\/v2\/product_cat?post=25"},{"taxonomy":"product_tag","embeddable":true,"href":"https:\/\/mebicar.pl\/en\/wp-json\/wp\/v2\/product_tag?post=25"}],"curies":[{"name":"wp","href":"https:\/\/api.w.org\/{rel}","templated":true}]}}